{"id":1031,"date":"2021-10-04T16:18:58","date_gmt":"2021-10-04T19:18:58","guid":{"rendered":"https:\/\/www.cref13.org.br\/cref13\/?page_id=1031"},"modified":"2024-01-23T11:52:50","modified_gmt":"2024-01-23T14:52:50","slug":"planejamento-estrategico","status":"publish","type":"page","link":"https:\/\/www.cref13.org.br\/cref13\/planejamento-estrategico\/","title":{"rendered":"Planejamento Estrat\u00e9gico"},"content":{"rendered":"\t\t<div data-elementor-type=\"wp-page\" data-elementor-id=\"1031\" class=\"elementor elementor-1031\" data-elementor-post-type=\"page\">\n\t\t\t\t\t\t<section class=\"elementor-section elementor-top-section elementor-element elementor-element-a2d7640 elementor-section-boxed elementor-section-height-default elementor-section-height-default\" data-id=\"a2d7640\" data-element_type=\"section\">\n\t\t\t\t\t\t<div class=\"elementor-container elementor-column-gap-default\">\n\t\t\t\t\t<div class=\"elementor-column elementor-col-100 elementor-top-column elementor-element elementor-element-b8a62a1\" data-id=\"b8a62a1\" data-element_type=\"column\">\n\t\t\t<div class=\"elementor-widget-wrap elementor-element-populated\">\n\t\t\t\t\t\t<div class=\"elementor-element elementor-element-0fd5f73 elementor-headline--style-highlight elementor-widget elementor-widget-animated-headline\" data-id=\"0fd5f73\" data-element_type=\"widget\" data-settings=\"{&quot;marker&quot;:&quot;curly&quot;,&quot;highlighted_text&quot;:&quot;Planejamento Estrat\\u00e9gico&quot;,&quot;headline_style&quot;:&quot;highlight&quot;,&quot;highlight_animation_duration&quot;:1200}\" data-widget_type=\"animated-headline.default\">\n\t\t\t\t<div class=\"elementor-widget-container\">\n\t\t\t\t\t\t\t<h2 class=\"elementor-headline\">\n\t\t\t\t<span class=\"elementor-headline-dynamic-wrapper elementor-headline-text-wrapper\">\n\t\t\t\t\t<span class=\"elementor-headline-dynamic-text elementor-headline-text-active\">Planejamento Estrat\u00e9gico<\/span>\n\t\t\t\t<\/span>\n\t\t\t\t<\/h2>\n\t\t\t\t\t\t<\/div>\n\t\t\t\t<\/div>\n\t\t\t\t<div class=\"elementor-element elementor-element-316ed45 elementor-widget elementor-widget-heading\" data-id=\"316ed45\" data-element_type=\"widget\" data-widget_type=\"heading.default\">\n\t\t\t\t<div class=\"elementor-widget-container\">\n\t\t\t\t\t<h2 class=\"elementor-heading-title elementor-size-default\">Plano de A\u00e7\u00e3o<\/h2>\t\t\t\t<\/div>\n\t\t\t\t<\/div>\n\t\t\t\t<div class=\"elementor-element elementor-element-13371e8 elementor-widget elementor-widget-text-editor\" data-id=\"13371e8\" data-element_type=\"widget\" data-widget_type=\"text-editor.default\">\n\t\t\t\t<div class=\"elementor-widget-container\">\n\t\t\t\t\t\t\t\t\t<h3><strong>Miss\u00e3o<\/strong><\/h3><p>A miss\u00e3o do Conselho Regional de Educa\u00e7\u00e3o F\u00edsica da 13\u00aa Regi\u00e3o \u2013 CREF13\/BA, \u00e9 garantir \u00e0 sociedade o direito de ser atendida por Profissionais de Educa\u00e7\u00e3o F\u00edsica, eticamente comprometidos, nas \u00e1reas de atividades f\u00edsicas e desportivas, fiscalizando e orientando o exerc\u00edcio profissional, agindo com excel\u00eancia, justi\u00e7a e \u00e9tica.<\/p><h3><strong>Vis\u00e3o<\/strong><\/h3><p>A vis\u00e3o do Conselho Regional de Educa\u00e7\u00e3o F\u00edsica da 13\u00aa Regi\u00e3o \u2013 CREF13\/BA, \u00e9 ser refer\u00eancia na orienta\u00e7\u00e3o, fiscaliza\u00e7\u00e3o, valoriza\u00e7\u00e3o e defesa da profiss\u00e3o, bem como ter sua legitimidade institucional reconhecida pelos Profissionais de Educa\u00e7\u00e3o F\u00edsica, Institui\u00e7\u00f5es de Ensino Superior e Sociedade.<\/p><h3><strong>Valores<\/strong><\/h3><p>S\u00e3o os valores do Conselho Regional de Educa\u00e7\u00e3o F\u00edsica da 13\u00aa Regi\u00e3o \u2013 CREF13\/BA:<\/p><ul><li>Comprometimento;<\/li><li>Credibilidade;<\/li><li>\u00c9tica;<\/li><li>Excel\u00eancia;<\/li><li>Interesse P\u00fablico;<\/li><li>Justi\u00e7a;<\/li><li>Legitimidade;<\/li><li>Responsabilidade Social;<\/li><li>Transpar\u00eancia.<\/li><\/ul>\t\t\t\t\t\t\t\t<\/div>\n\t\t\t\t<\/div>\n\t\t\t\t\t<\/div>\n\t\t<\/div>\n\t\t\t\t\t<\/div>\n\t\t<\/section>\n\t\t\t\t<section class=\"elementor-section elementor-top-section elementor-element elementor-element-1d34cc6 elementor-section-boxed elementor-section-height-default elementor-section-height-default\" data-id=\"1d34cc6\" data-element_type=\"section\">\n\t\t\t\t\t\t<div class=\"elementor-container elementor-column-gap-default\">\n\t\t\t\t\t<div class=\"elementor-column elementor-col-100 elementor-top-column elementor-element elementor-element-173d414\" data-id=\"173d414\" data-element_type=\"column\">\n\t\t\t<div class=\"elementor-widget-wrap\">\n\t\t\t\t\t\t\t<\/div>\n\t\t<\/div>\n\t\t\t\t\t<\/div>\n\t\t<\/section>\n\t\t\t\t<\/div>\n\t\t","protected":false},"excerpt":{"rendered":"<p>Plano de A\u00e7\u00e3o Miss\u00e3o A miss\u00e3o do Conselho Regional de Educa\u00e7\u00e3o F\u00edsica da 13\u00aa Regi\u00e3o \u2013 CREF13\/BA, \u00e9 garantir \u00e0 sociedade o direito de ser atendida por Profissionais de Educa\u00e7\u00e3o F\u00edsica, eticamente comprometidos, nas \u00e1reas de atividades f\u00edsicas e desportivas, fiscalizando e orientando o exerc\u00edcio profissional, agindo com excel\u00eancia, justi\u00e7a e \u00e9tica. Vis\u00e3o A vis\u00e3o [&hellip;]<\/p>\n","protected":false},"author":11,"featured_media":0,"parent":0,"menu_order":0,"comment_status":"closed","ping_status":"closed","template":"","meta":{"footnotes":""},"class_list":["post-1031","page","type-page","status-publish","hentry"],"_links":{"self":[{"href":"https:\/\/www.cref13.org.br\/cref13\/wp-json\/wp\/v2\/pages\/1031","targetHints":{"allow":["GET"]}}],"collection":[{"href":"https:\/\/www.cref13.org.br\/cref13\/wp-json\/wp\/v2\/pages"}],"about":[{"href":"https:\/\/www.cref13.org.br\/cref13\/wp-json\/wp\/v2\/types\/page"}],"author":[{"embeddable":true,"href":"https:\/\/www.cref13.org.br\/cref13\/wp-json\/wp\/v2\/users\/11"}],"replies":[{"embeddable":true,"href":"https:\/\/www.cref13.org.br\/cref13\/wp-json\/wp\/v2\/comments?post=1031"}],"version-history":[{"count":33,"href":"https:\/\/www.cref13.org.br\/cref13\/wp-json\/wp\/v2\/pages\/1031\/revisions"}],"predecessor-version":[{"id":7124,"href":"https:\/\/www.cref13.org.br\/cref13\/wp-json\/wp\/v2\/pages\/1031\/revisions\/7124"}],"wp:attachment":[{"href":"https:\/\/www.cref13.org.br\/cref13\/wp-json\/wp\/v2\/media?parent=1031"}],"curies":[{"name":"wp","href":"https:\/\/api.w.org\/{rel}","templated":true}]}}