{"id":1072,"date":"2021-10-05T09:52:50","date_gmt":"2021-10-05T12:52:50","guid":{"rendered":"https:\/\/www.cref13.org.br\/cref13\/?page_id=1072"},"modified":"2024-01-23T12:25:56","modified_gmt":"2024-01-23T15:25:56","slug":"resolucoes-confef","status":"publish","type":"page","link":"https:\/\/www.cref13.org.br\/cref13\/resolucoes-confef\/","title":{"rendered":"Resolu\u00e7\u00f5es CONFEF"},"content":{"rendered":"\t\t<div data-elementor-type=\"wp-page\" data-elementor-id=\"1072\" class=\"elementor elementor-1072\" data-elementor-post-type=\"page\">\n\t\t\t\t\t\t<section class=\"elementor-section elementor-top-section elementor-element elementor-element-22faebb elementor-section-boxed elementor-section-height-default elementor-section-height-default\" data-id=\"22faebb\" data-element_type=\"section\">\n\t\t\t\t\t\t<div class=\"elementor-container elementor-column-gap-default\">\n\t\t\t\t\t<div class=\"elementor-column elementor-col-100 elementor-top-column elementor-element elementor-element-b5b0290\" data-id=\"b5b0290\" data-element_type=\"column\">\n\t\t\t<div class=\"elementor-widget-wrap elementor-element-populated\">\n\t\t\t\t\t\t<div class=\"elementor-element elementor-element-b9ab485 elementor-headline--style-highlight elementor-widget elementor-widget-animated-headline\" data-id=\"b9ab485\" data-element_type=\"widget\" data-settings=\"{&quot;marker&quot;:&quot;curly&quot;,&quot;highlighted_text&quot;:&quot;Resolu\\u00e7\\u00f5es CONFEF&quot;,&quot;headline_style&quot;:&quot;highlight&quot;,&quot;highlight_animation_duration&quot;:1200}\" data-widget_type=\"animated-headline.default\">\n\t\t\t\t<div class=\"elementor-widget-container\">\n\t\t\t\t\t\t\t<h2 class=\"elementor-headline\">\n\t\t\t\t<span class=\"elementor-headline-dynamic-wrapper elementor-headline-text-wrapper\">\n\t\t\t\t\t<span class=\"elementor-headline-dynamic-text elementor-headline-text-active\">Resolu\u00e7\u00f5es CONFEF<\/span>\n\t\t\t\t<\/span>\n\t\t\t\t<\/h2>\n\t\t\t\t\t\t<\/div>\n\t\t\t\t<\/div>\n\t\t\t\t<div class=\"elementor-element elementor-element-4eb7677 elementor-widget elementor-widget-text-editor\" data-id=\"4eb7677\" data-element_type=\"widget\" data-widget_type=\"text-editor.default\">\n\t\t\t\t<div class=\"elementor-widget-container\">\n\t\t\t\t\t\t\t\t\t<div class=\"link-container\"><ul>\n \t<li><a href=\"http:\/\/www.confef.org.br\/confef\/resolucoes\/82\"><strong>Interven\u00e7\u00e3o Profissional<\/strong><\/a><\/li>\n \t<li><a href=\"http:\/\/www.confef.org.br\/confef\/resolucoes\/381\"><strong>C\u00f3digo de \u00c9tica<\/strong><\/a><\/li>\n<\/ul>\n<\/div>\t\t\t\t\t\t\t\t<\/div>\n\t\t\t\t<\/div>\n\t\t\t\t\t<\/div>\n\t\t<\/div>\n\t\t\t\t\t<\/div>\n\t\t<\/section>\n\t\t\t\t<\/div>\n\t\t","protected":false},"excerpt":{"rendered":"<p>Interven\u00e7\u00e3o Profissional C\u00f3digo de \u00c9tica<\/p>\n","protected":false},"author":11,"featured_media":0,"parent":0,"menu_order":0,"comment_status":"closed","ping_status":"closed","template":"","meta":{"footnotes":""},"class_list":["post-1072","page","type-page","status-publish","hentry"],"_links":{"self":[{"href":"https:\/\/www.cref13.org.br\/cref13\/wp-json\/wp\/v2\/pages\/1072","targetHints":{"allow":["GET"]}}],"collection":[{"href":"https:\/\/www.cref13.org.br\/cref13\/wp-json\/wp\/v2\/pages"}],"about":[{"href":"https:\/\/www.cref13.org.br\/cref13\/wp-json\/wp\/v2\/types\/page"}],"author":[{"embeddable":true,"href":"https:\/\/www.cref13.org.br\/cref13\/wp-json\/wp\/v2\/users\/11"}],"replies":[{"embeddable":true,"href":"https:\/\/www.cref13.org.br\/cref13\/wp-json\/wp\/v2\/comments?post=1072"}],"version-history":[{"count":22,"href":"https:\/\/www.cref13.org.br\/cref13\/wp-json\/wp\/v2\/pages\/1072\/revisions"}],"predecessor-version":[{"id":7145,"href":"https:\/\/www.cref13.org.br\/cref13\/wp-json\/wp\/v2\/pages\/1072\/revisions\/7145"}],"wp:attachment":[{"href":"https:\/\/www.cref13.org.br\/cref13\/wp-json\/wp\/v2\/media?parent=1072"}],"curies":[{"name":"wp","href":"https:\/\/api.w.org\/{rel}","templated":true}]}}