{"id":1809,"date":"2021-10-13T14:44:43","date_gmt":"2021-10-13T17:44:43","guid":{"rendered":"https:\/\/www.cref13.org.br\/cref13\/?page_id=1809"},"modified":"2025-07-23T09:27:04","modified_gmt":"2025-07-23T12:27:04","slug":"instrucoes-normativas","status":"publish","type":"page","link":"https:\/\/www.cref13.org.br\/cref13\/instrucoes-normativas\/","title":{"rendered":"Instru\u00e7\u00f5es Normativas"},"content":{"rendered":"\t\t<div data-elementor-type=\"wp-page\" data-elementor-id=\"1809\" class=\"elementor elementor-1809\" data-elementor-post-type=\"page\">\n\t\t\t\t\t\t<section class=\"elementor-section elementor-top-section elementor-element elementor-element-57e5200 elementor-section-boxed elementor-section-height-default elementor-section-height-default\" data-id=\"57e5200\" data-element_type=\"section\">\n\t\t\t\t\t\t<div class=\"elementor-container elementor-column-gap-default\">\n\t\t\t\t\t<div class=\"elementor-column elementor-col-100 elementor-top-column elementor-element elementor-element-d758692\" data-id=\"d758692\" data-element_type=\"column\">\n\t\t\t<div class=\"elementor-widget-wrap elementor-element-populated\">\n\t\t\t\t\t\t<div class=\"elementor-element elementor-element-e126a0c elementor-headline--style-highlight elementor-widget elementor-widget-animated-headline\" data-id=\"e126a0c\" data-element_type=\"widget\" data-settings=\"{&quot;marker&quot;:&quot;curly&quot;,&quot;highlighted_text&quot;:&quot;Instru\\u00e7\\u00f5es Normativas&quot;,&quot;headline_style&quot;:&quot;highlight&quot;,&quot;highlight_animation_duration&quot;:1200}\" data-widget_type=\"animated-headline.default\">\n\t\t\t\t<div class=\"elementor-widget-container\">\n\t\t\t\t\t\t\t<h2 class=\"elementor-headline\">\n\t\t\t\t<span class=\"elementor-headline-dynamic-wrapper elementor-headline-text-wrapper\">\n\t\t\t\t\t<span class=\"elementor-headline-dynamic-text elementor-headline-text-active\">Instru\u00e7\u00f5es Normativas<\/span>\n\t\t\t\t<\/span>\n\t\t\t\t<\/h2>\n\t\t\t\t\t\t<\/div>\n\t\t\t\t<\/div>\n\t\t\t\t<div class=\"elementor-element elementor-element-1f23085 elementor-widget elementor-widget-heading\" data-id=\"1f23085\" data-element_type=\"widget\" data-widget_type=\"heading.default\">\n\t\t\t\t<div class=\"elementor-widget-container\">\n\t\t\t\t\t<h3 class=\"elementor-heading-title elementor-size-default\">2022<\/h3>\t\t\t\t<\/div>\n\t\t\t\t<\/div>\n\t\t\t\t<div class=\"elementor-element elementor-element-8d0fcd4 elementor-widget elementor-widget-text-editor\" data-id=\"8d0fcd4\" data-element_type=\"widget\" data-widget_type=\"text-editor.default\">\n\t\t\t\t<div class=\"elementor-widget-container\">\n\t\t\t\t\t\t\t\t\t<ul style=\"font-size: 16px; background-color: #ffffff;\"><li style=\"font-size: 16px;\"><span style=\"font-weight: bolder;\"><a href=\"https:\/\/cref13.org.br\/documentos\/legislacao\/instrucoes-normativas\/2022\/instrucao-normativa-cref13-0262022-assinatura-digital.pdf\">Instru\u00e7\u00e3o Normativa CREF13 n\u00ba 026.2022 &#8211; Assinatura Digital de Documentos<\/a><\/span><\/li><\/ul>\t\t\t\t\t\t\t\t<\/div>\n\t\t\t\t<\/div>\n\t\t\t\t<div class=\"elementor-element elementor-element-f9788fc elementor-widget elementor-widget-heading\" data-id=\"f9788fc\" data-element_type=\"widget\" data-widget_type=\"heading.default\">\n\t\t\t\t<div class=\"elementor-widget-container\">\n\t\t\t\t\t<h3 class=\"elementor-heading-title elementor-size-default\">2021<\/h3>\t\t\t\t<\/div>\n\t\t\t\t<\/div>\n\t\t\t\t<div class=\"elementor-element elementor-element-bff5608 elementor-widget elementor-widget-text-editor\" data-id=\"bff5608\" data-element_type=\"widget\" data-widget_type=\"text-editor.default\">\n\t\t\t\t<div class=\"elementor-widget-container\">\n\t\t\t\t\t\t\t\t\t<ul><li><strong><a href=\"https:\/\/www.cref13.org.br\/cref13\/wp-content\/uploads\/2025\/07\/INSTRUCAO-NORMATIVA-CREF13.BA-No-023.2021-1.pdf\">Instru\u00e7\u00e3o Normativa CREF13 n\u00ba 022.2021 &#8211; C\u00e9dula de Identidade Meio Digital<\/a><\/strong><\/li><\/ul>\t\t\t\t\t\t\t\t<\/div>\n\t\t\t\t<\/div>\n\t\t\t\t<div class=\"elementor-element elementor-element-843e9c4 elementor-widget elementor-widget-heading\" data-id=\"843e9c4\" data-element_type=\"widget\" data-widget_type=\"heading.default\">\n\t\t\t\t<div class=\"elementor-widget-container\">\n\t\t\t\t\t<h3 class=\"elementor-heading-title elementor-size-default\">2020<\/h3>\t\t\t\t<\/div>\n\t\t\t\t<\/div>\n\t\t\t\t<div class=\"elementor-element elementor-element-1aaf93c elementor-widget elementor-widget-text-editor\" data-id=\"1aaf93c\" data-element_type=\"widget\" data-widget_type=\"text-editor.default\">\n\t\t\t\t<div class=\"elementor-widget-container\">\n\t\t\t\t\t\t\t\t\t<ul><li><a href=\"https:\/\/cref13.org.br\/documentos\/legislacao\/instrucoes-normativas\/2020\/instruc\u0327a\u0303o-normativa-cref13-0212020-recebimento-de-documentos-fisicos.pdf\"><strong>Instruc\u0327a\u0303o Normativa CREF13 n\u00ba 021.2020 \u2013 Recebimento de Documentos<\/strong><\/a><\/li><li><a href=\"https:\/\/cref13.org.br\/documentos\/legislacao\/instrucoes-normativas\/2020\/instrucao-normativa-cref13-0202020-ampliacao-do-prazo-para-baixa-de-registro.pdf\"><strong>Instru\u00e7\u00e3o Normativa CREF13 n\u00ba 020.2020 &#8211; Amplia\u00e7\u00e3o do Prazo (Baixa de Registro)<\/strong><\/a><\/li><li><a href=\"https:\/\/cref13.org.br\/documentos\/legislacao\/instrucoes-normativas\/2020\/instrucao-normativa-cref13-0192019-utilizacao-de-impressoras.pdf\"><strong>Instru\u00e7\u00e3o Normativa CREF13 n\u00ba 019.2020 &#8211; Gerenciamento de Impress\u00e3o<\/strong><\/a><\/li><li><a href=\"https:\/\/cref13.org.br\/documentos\/legislacao\/instrucoes-normativas\/2020\/instrucao-normativa-cref13-0182020-teletrabalho.pdf\"><strong>Instru\u00e7\u00e3o Normativa CREF13 n\u00ba 018.2020 \u2013 Teletrabalho<\/strong><\/a><\/li><li><a href=\"https:\/\/cref13.org.br\/documentos\/legislacao\/instrucoes-normativas\/2020\/instrucao-normativa-cref13-0172020-grupos-de-whatsapp.pdf\"><strong>Instru\u00e7\u00e3o Normativa CREF13 n\u00ba 017.2020 \u2013 Comunica\u00e7\u00e3o Oficial<\/strong><\/a><\/li><li><a href=\"https:\/\/cref13.org.br\/documentos\/legislacao\/instrucoes-normativas\/2020\/instrucao-normativa-cref13-0142020-envio-de-documentos.pdf\"><strong>Instru\u00e7\u00e3o Normativa CREF13 n\u00ba 014.2020 \u2013 Envio de Documentos<\/strong><\/a><\/li><li><a href=\"https:\/\/cref13.org.br\/documentos\/legislacao\/instrucoes-normativas\/2020\/instrucao-normativa-cref13-0132020-primeiro-registro.pdf\"><strong>Instru\u00e7\u00e3o Normativa CREF13 n\u00ba 013.2020 \u2013 Primeiro Registro<\/strong><\/a><\/li><\/ul>\t\t\t\t\t\t\t\t<\/div>\n\t\t\t\t<\/div>\n\t\t\t\t<div class=\"elementor-element elementor-element-e7efe78 elementor-widget elementor-widget-heading\" data-id=\"e7efe78\" data-element_type=\"widget\" data-widget_type=\"heading.default\">\n\t\t\t\t<div class=\"elementor-widget-container\">\n\t\t\t\t\t<h3 class=\"elementor-heading-title elementor-size-default\">2019<\/h3>\t\t\t\t<\/div>\n\t\t\t\t<\/div>\n\t\t\t\t<div class=\"elementor-element elementor-element-0b78627 elementor-widget elementor-widget-text-editor\" data-id=\"0b78627\" data-element_type=\"widget\" data-widget_type=\"text-editor.default\">\n\t\t\t\t<div class=\"elementor-widget-container\">\n\t\t\t\t\t\t\t\t\t<ul><li><a href=\"https:\/\/www.cref13.org.br\/cref13\/wp-content\/uploads\/2024\/01\/Instrucao-Normativa-CREF13.BA-no-010.2019-PROCEDIMENTO-DE-BAIXA-DE-REGISTRO.pdf\"><strong>Instru\u00e7\u00e3o Normativa CREF13 n\u00ba 010.2019 \u2013 Procedimento de Baixa de Registro<\/strong><\/a><\/li><li><a href=\"https:\/\/cref13.org.br\/documentos\/legislacao\/instrucoes-normativas\/2019\/instrucao-normativa-cref13-0092019-procedimento-de-recebimento-de-documentos.pdf\"><strong>Instru\u00e7\u00e3o Normativa CREF13 n\u00ba 009.2019 \u2013 Procedimento de Recebimentos de Documentos<\/strong><\/a><\/li><li><a href=\"https:\/\/cref13.org.br\/documentos\/legislacao\/instrucoes-normativas\/2019\/instrucao-normativa-cref13-0082019-documentacao-de-registro.pdf\"><strong>Instru\u00e7\u00e3o Normativa CREF13 n\u00ba 008.2019 \u2013 Documenta\u00e7\u00e3o de Registro<\/strong><\/a><\/li><li><a href=\"https:\/\/cref13.org.br\/documentos\/legislacao\/instrucoes-normativas\/2019\/instrucao-normativa-cref13-0072019-irregularidades.pdf\"><strong>Instru\u00e7\u00e3o Normativa CREF13 n\u00ba 007.2019 \u2013 Irregularidades<\/strong><\/a><\/li><li><a href=\"https:\/\/cref13.org.br\/documentos\/legislacao\/instrucoes-normativas\/2019\/instrucao-normativa-cref13-0062019-documentacao-de-registro.pdf\"><strong>Instru\u00e7\u00e3o Normativa CREF13 n\u00ba 006.2019 \u2013 Documenta\u00e7\u00e3o de Registro<\/strong><\/a><\/li><\/ul>\t\t\t\t\t\t\t\t<\/div>\n\t\t\t\t<\/div>\n\t\t\t\t<div class=\"elementor-element elementor-element-77aae23 elementor-widget elementor-widget-heading\" data-id=\"77aae23\" data-element_type=\"widget\" data-widget_type=\"heading.default\">\n\t\t\t\t<div class=\"elementor-widget-container\">\n\t\t\t\t\t<h3 class=\"elementor-heading-title elementor-size-default\">2018<\/h3>\t\t\t\t<\/div>\n\t\t\t\t<\/div>\n\t\t\t\t<div class=\"elementor-element elementor-element-e2b869b elementor-widget elementor-widget-text-editor\" data-id=\"e2b869b\" data-element_type=\"widget\" data-widget_type=\"text-editor.default\">\n\t\t\t\t<div class=\"elementor-widget-container\">\n\t\t\t\t\t\t\t\t\t<ul><li><a href=\"https:\/\/cref13.org.br\/documentos\/legislacao\/instrucoes-normativas\/2018\/instrucao-normativa-cref13-0052018-adiantamento-de-viagem.pdf\"><strong>Instru\u00e7\u00e3o Normativa CREF13 n\u00ba 005.2018 \u2013 Adiantamento de Viagem<\/strong><\/a><\/li><\/ul>\t\t\t\t\t\t\t\t<\/div>\n\t\t\t\t<\/div>\n\t\t\t\t<div class=\"elementor-element elementor-element-2e47392 elementor-widget elementor-widget-heading\" data-id=\"2e47392\" data-element_type=\"widget\" data-widget_type=\"heading.default\">\n\t\t\t\t<div class=\"elementor-widget-container\">\n\t\t\t\t\t<h3 class=\"elementor-heading-title elementor-size-default\">2017<\/h3>\t\t\t\t<\/div>\n\t\t\t\t<\/div>\n\t\t\t\t<div class=\"elementor-element elementor-element-4443a2f elementor-widget elementor-widget-text-editor\" data-id=\"4443a2f\" data-element_type=\"widget\" data-widget_type=\"text-editor.default\">\n\t\t\t\t<div class=\"elementor-widget-container\">\n\t\t\t\t\t\t\t\t\t<ul><li><a href=\"https:\/\/cref13.org.br\/documentos\/legislacao\/instrucoes-normativas\/2017\/instrucao-normativa-cref13-0042017-isencao.pdf\"><strong>Instru\u00e7\u00e3o Normativa CREF13 n\u00ba 004.2017 \u2013 Isen\u00e7\u00e3o<\/strong><\/a><\/li><li><a href=\"https:\/\/cref13.org.br\/documentos\/legislacao\/instrucoes-normativas\/2017\/instrucao-normativa-cref13-0032017-mei.pdf\"><strong>Instru\u00e7\u00e3o Normativa CREF13 n\u00ba 003.2017 \u2013 MEI<\/strong><\/a><\/li><li><a href=\"https:\/\/cref13.org.br\/documentos\/legislacao\/instrucoes-normativas\/2017\/instrucao-normativa-cref13-0022017-divida-ativa.pdf\"><strong>Instru\u00e7\u00e3o Normativa CREF13 n\u00ba 002.2017 \u2013 Divida Ativa<\/strong><\/a><\/li><li><a href=\"https:\/\/cref13.org.br\/documentos\/legislacao\/instrucoes-normativas\/2017\/instrucao-normativa-cref13-0012017-revigoramento.pdf\"><strong>Instru\u00e7\u00e3o Normativa CREF13 n\u00ba 001.2017 \u2013 Revigoramento<\/strong><\/a><\/li><\/ul>\t\t\t\t\t\t\t\t<\/div>\n\t\t\t\t<\/div>\n\t\t\t\t\t<\/div>\n\t\t<\/div>\n\t\t\t\t\t<\/div>\n\t\t<\/section>\n\t\t\t\t<\/div>\n\t\t","protected":false},"excerpt":{"rendered":"<p>2022 Instru\u00e7\u00e3o Normativa CREF13 n\u00ba 026.2022 &#8211; Assinatura Digital de Documentos 2021 Instru\u00e7\u00e3o Normativa CREF13 n\u00ba 022.2021 &#8211; C\u00e9dula de Identidade Meio Digital 2020 Instruc\u0327a\u0303o Normativa CREF13 n\u00ba 021.2020 \u2013 Recebimento de Documentos Instru\u00e7\u00e3o Normativa CREF13 n\u00ba 020.2020 &#8211; Amplia\u00e7\u00e3o do Prazo (Baixa de Registro) Instru\u00e7\u00e3o Normativa CREF13 n\u00ba 019.2020 &#8211; Gerenciamento de Impress\u00e3o Instru\u00e7\u00e3o [&hellip;]<\/p>\n","protected":false},"author":11,"featured_media":0,"parent":0,"menu_order":0,"comment_status":"closed","ping_status":"closed","template":"","meta":{"footnotes":""},"class_list":["post-1809","page","type-page","status-publish","hentry"],"_links":{"self":[{"href":"https:\/\/www.cref13.org.br\/cref13\/wp-json\/wp\/v2\/pages\/1809","targetHints":{"allow":["GET"]}}],"collection":[{"href":"https:\/\/www.cref13.org.br\/cref13\/wp-json\/wp\/v2\/pages"}],"about":[{"href":"https:\/\/www.cref13.org.br\/cref13\/wp-json\/wp\/v2\/types\/page"}],"author":[{"embeddable":true,"href":"https:\/\/www.cref13.org.br\/cref13\/wp-json\/wp\/v2\/users\/11"}],"replies":[{"embeddable":true,"href":"https:\/\/www.cref13.org.br\/cref13\/wp-json\/wp\/v2\/comments?post=1809"}],"version-history":[{"count":58,"href":"https:\/\/www.cref13.org.br\/cref13\/wp-json\/wp\/v2\/pages\/1809\/revisions"}],"predecessor-version":[{"id":11215,"href":"https:\/\/www.cref13.org.br\/cref13\/wp-json\/wp\/v2\/pages\/1809\/revisions\/11215"}],"wp:attachment":[{"href":"https:\/\/www.cref13.org.br\/cref13\/wp-json\/wp\/v2\/media?parent=1809"}],"curies":[{"name":"wp","href":"https:\/\/api.w.org\/{rel}","templated":true}]}}