{"id":1811,"date":"2021-10-13T14:45:05","date_gmt":"2021-10-13T17:45:05","guid":{"rendered":"https:\/\/www.cref13.org.br\/cref13\/?page_id=1811"},"modified":"2024-01-23T10:36:39","modified_gmt":"2024-01-23T13:36:39","slug":"notas-tecnicas","status":"publish","type":"page","link":"https:\/\/www.cref13.org.br\/cref13\/notas-tecnicas\/","title":{"rendered":"Notas T\u00e9cnicas"},"content":{"rendered":"\t\t<div data-elementor-type=\"wp-page\" data-elementor-id=\"1811\" class=\"elementor elementor-1811\" data-elementor-post-type=\"page\">\n\t\t\t\t\t\t<section class=\"elementor-section elementor-top-section elementor-element elementor-element-578cb63 elementor-section-boxed elementor-section-height-default elementor-section-height-default\" data-id=\"578cb63\" data-element_type=\"section\">\n\t\t\t\t\t\t<div class=\"elementor-container elementor-column-gap-default\">\n\t\t\t\t\t<div class=\"elementor-column elementor-col-100 elementor-top-column elementor-element elementor-element-1497f9e\" data-id=\"1497f9e\" data-element_type=\"column\">\n\t\t\t<div class=\"elementor-widget-wrap elementor-element-populated\">\n\t\t\t\t\t\t<div class=\"elementor-element elementor-element-899b279 elementor-headline--style-highlight elementor-widget elementor-widget-animated-headline\" data-id=\"899b279\" data-element_type=\"widget\" data-settings=\"{&quot;marker&quot;:&quot;curly&quot;,&quot;highlighted_text&quot;:&quot;Notas T\\u00e9cnicas&quot;,&quot;headline_style&quot;:&quot;highlight&quot;,&quot;highlight_animation_duration&quot;:1200}\" data-widget_type=\"animated-headline.default\">\n\t\t\t\t<div class=\"elementor-widget-container\">\n\t\t\t\t\t\t\t<h2 class=\"elementor-headline\">\n\t\t\t\t<span class=\"elementor-headline-dynamic-wrapper elementor-headline-text-wrapper\">\n\t\t\t\t\t<span class=\"elementor-headline-dynamic-text elementor-headline-text-active\">Notas T\u00e9cnicas<\/span>\n\t\t\t\t<\/span>\n\t\t\t\t<\/h2>\n\t\t\t\t\t\t<\/div>\n\t\t\t\t<\/div>\n\t\t\t\t<div class=\"elementor-element elementor-element-f4ff54d elementor-widget elementor-widget-heading\" data-id=\"f4ff54d\" data-element_type=\"widget\" data-widget_type=\"heading.default\">\n\t\t\t\t<div class=\"elementor-widget-container\">\n\t\t\t\t\t<h3 class=\"elementor-heading-title elementor-size-default\">2018<\/h3>\t\t\t\t<\/div>\n\t\t\t\t<\/div>\n\t\t\t\t<div class=\"elementor-element elementor-element-0977d8e elementor-widget elementor-widget-text-editor\" data-id=\"0977d8e\" data-element_type=\"widget\" data-widget_type=\"text-editor.default\">\n\t\t\t\t<div class=\"elementor-widget-container\">\n\t\t\t\t\t\t\t\t\t<ul><li><strong><a href=\"https:\/\/cref13.org.br\/documentos\/legislacao\/notas-tecnicas\/nota-tecnica-cref13-0022018-avaliacao-pre-participacao-em-programas-de-exercicios-fisicos.pdf\">Nota T\u00e9cnica CREF13 n\u00ba 002.2018 \u2013 Avalia\u00e7\u00e3o Pr\u00e9 Participa\u00e7\u00e3o<\/a><\/strong><\/li><li><a href=\"https:\/\/cref13.org.br\/documentos\/legislacao\/notas-tecnicas\/nota-tecnica-0012018-avaliacao-da-aptidao-fisica.pdf\"><strong>Nota T\u00e9cnica CREF13 n\u00ba 001.2018 \u2013 Avalia\u00e7\u00e3o da Aptid\u00e3o F\u00edsica<\/strong><\/a><\/li><\/ul>\t\t\t\t\t\t\t\t<\/div>\n\t\t\t\t<\/div>\n\t\t\t\t\t<\/div>\n\t\t<\/div>\n\t\t\t\t\t<\/div>\n\t\t<\/section>\n\t\t\t\t<\/div>\n\t\t","protected":false},"excerpt":{"rendered":"<p>2018 Nota T\u00e9cnica CREF13 n\u00ba 002.2018 \u2013 Avalia\u00e7\u00e3o Pr\u00e9 Participa\u00e7\u00e3o Nota T\u00e9cnica CREF13 n\u00ba 001.2018 \u2013 Avalia\u00e7\u00e3o da Aptid\u00e3o F\u00edsica<\/p>\n","protected":false},"author":11,"featured_media":0,"parent":0,"menu_order":0,"comment_status":"closed","ping_status":"closed","template":"","meta":{"footnotes":""},"class_list":["post-1811","page","type-page","status-publish","hentry"],"_links":{"self":[{"href":"https:\/\/www.cref13.org.br\/cref13\/wp-json\/wp\/v2\/pages\/1811","targetHints":{"allow":["GET"]}}],"collection":[{"href":"https:\/\/www.cref13.org.br\/cref13\/wp-json\/wp\/v2\/pages"}],"about":[{"href":"https:\/\/www.cref13.org.br\/cref13\/wp-json\/wp\/v2\/types\/page"}],"author":[{"embeddable":true,"href":"https:\/\/www.cref13.org.br\/cref13\/wp-json\/wp\/v2\/users\/11"}],"replies":[{"embeddable":true,"href":"https:\/\/www.cref13.org.br\/cref13\/wp-json\/wp\/v2\/comments?post=1811"}],"version-history":[{"count":19,"href":"https:\/\/www.cref13.org.br\/cref13\/wp-json\/wp\/v2\/pages\/1811\/revisions"}],"predecessor-version":[{"id":7078,"href":"https:\/\/www.cref13.org.br\/cref13\/wp-json\/wp\/v2\/pages\/1811\/revisions\/7078"}],"wp:attachment":[{"href":"https:\/\/www.cref13.org.br\/cref13\/wp-json\/wp\/v2\/media?parent=1811"}],"curies":[{"name":"wp","href":"https:\/\/api.w.org\/{rel}","templated":true}]}}